{"id":16,"date":"2021-12-22T23:57:29","date_gmt":"2021-12-22T20:57:29","guid":{"rendered":"https:\/\/www.endustriyelmutfak.xyz\/en\/?page_id=16"},"modified":"2021-12-22T23:59:13","modified_gmt":"2021-12-22T20:59:13","slug":"contact-us","status":"publish","type":"page","link":"https:\/\/www.endustriyelmutfak.xyz\/en\/contact-us\/","title":{"rendered":"Contact Us"},"content":{"rendered":"\n<p>1 <strong>Dalbast\u0131 <\/strong>Street <br>Neighbourhood&nbsp;of <strong>Dua\u00e7\u0131nar\u0131<\/strong><br>District of <strong>Y\u0131ld\u0131r\u0131m<\/strong><br>City of <strong>Bursa<\/strong><\/p>\n\n\n\n<p><strong>Whatsapp <\/strong>: <a href=\"https:\/\/api.whatsapp.com\/send?905374907116\" target=\"_blank\" rel=\"noopener\">+90 537 490 71 16<\/a> (for English)<\/p>\n\n\n\n<p><strong>Tel <\/strong>: <a href=\"tel:02243613899\">+90 224 361 38 99<\/a> (for Turkish)<\/p>\n\n\n\n<p><strong>Email<\/strong> : <a href=\"mailto:info@celebimutfak.com\">info[@]celebimutfak.com<\/a><\/p>\n\n\n\n<p><iframe src=\"https:\/\/www.google.com\/maps\/embed?pb=!1m18!1m12!1m3!1d320.3515149614939!2d29.100456059455905!3d40.19316878791698!2m3!1f0!2f0!3f0!3m2!1i1024!2i768!4f13.1!3m3!1m2!1s0x14ca3e8c56ee388f%3A0x4d2842825771223a!2s%C3%87elebi%20End%C3%BCstriyel%20Mutfak!5e0!3m2!1str!2str!4v1640206291420!5m2!1str!2str\" width=\"600\" height=\"450\" style=\"border:0;\" allowfullscreen=\"\" loading=\"lazy\"><\/iframe><\/p>\n","protected":false},"excerpt":{"rendered":"<p>1 Dalbast\u0131 Street Neighbourhood&nbsp;of Dua\u00e7\u0131nar\u0131District of Y\u0131ld\u0131r\u0131mCity of Bursa Whatsapp : +90 537 490 71 16 (for English) Tel : +90 224 361 38 99 (for Turkish) Email : info[@]celebimutfak.com<\/p>\n","protected":false},"author":1,"featured_media":0,"parent":0,"menu_order":0,"comment_status":"closed","ping_status":"closed","template":"","meta":[],"_links":{"self":[{"href":"https:\/\/www.endustriyelmutfak.xyz\/en\/wp-json\/wp\/v2\/pages\/16"}],"collection":[{"href":"https:\/\/www.endustriyelmutfak.xyz\/en\/wp-json\/wp\/v2\/pages"}],"about":[{"href":"https:\/\/www.endustriyelmutfak.xyz\/en\/wp-json\/wp\/v2\/types\/page"}],"author":[{"embeddable":true,"href":"https:\/\/www.endustriyelmutfak.xyz\/en\/wp-json\/wp\/v2\/users\/1"}],"replies":[{"embeddable":true,"href":"https:\/\/www.endustriyelmutfak.xyz\/en\/wp-json\/wp\/v2\/comments?post=16"}],"version-history":[{"count":4,"href":"https:\/\/www.endustriyelmutfak.xyz\/en\/wp-json\/wp\/v2\/pages\/16\/revisions"}],"predecessor-version":[{"id":20,"href":"https:\/\/www.endustriyelmutfak.xyz\/en\/wp-json\/wp\/v2\/pages\/16\/revisions\/20"}],"wp:attachment":[{"href":"https:\/\/www.endustriyelmutfak.xyz\/en\/wp-json\/wp\/v2\/media?parent=16"}],"curies":[{"name":"wp","href":"https:\/\/api.w.org\/{rel}","templated":true}]}}